{"id":379,"date":"2023-12-10T16:36:29","date_gmt":"2023-12-10T16:36:29","guid":{"rendered":"https:\/\/beliczaiweb.hu\/?page_id=379"},"modified":"2023-12-10T17:31:31","modified_gmt":"2023-12-10T17:31:31","slug":"impresszum","status":"publish","type":"page","link":"https:\/\/beliczaiweb.hu\/en\/impresszum\/","title":{"rendered":"Impresszum"},"content":{"rendered":"<p>[et_pb_section fb_built=&#8221;1&#8243; _builder_version=&#8221;4.23.1&#8243; _module_preset=&#8221;default&#8221; background_color=&#8221;#e0dbce&#8221; hover_enabled=&#8221;0&#8243; global_colors_info=&#8221;{}&#8221; sticky_enabled=&#8221;0&#8243;][et_pb_row _builder_version=&#8221;4.23.1&#8243; _module_preset=&#8221;default&#8221; hover_enabled=&#8221;0&#8243; global_colors_info=&#8221;{}&#8221; sticky_enabled=&#8221;0&#8243;][et_pb_column type=&#8221;4_4&#8243; _builder_version=&#8221;4.23.1&#8243; _module_preset=&#8221;default&#8221; global_colors_info=&#8221;{}&#8221;][et_pb_text _builder_version=&#8221;4.23.1&#8243; _module_preset=&#8221;default&#8221; background_color=&#8221;#fff6dd&#8221; custom_padding=&#8221;15px|25px|15px|25px|false|false&#8221; hover_enabled=&#8221;0&#8243; box_shadow_style=&#8221;preset1&#8243; global_colors_info=&#8221;{}&#8221; sticky_enabled=&#8221;0&#8243;]<\/p>\n<h2><strong>Impresszum<\/strong><span><\/span><\/h2>\n<p><span>C\u00e9gn\u00e9v:\u00a0<\/span><br \/><span>C\u00edm:\u00a0<\/span><br \/><span>Telefon: +36 30 314-6636<\/span><br \/><span>E-mail: beliczai.balazs@gmail.com<\/span><br \/><span>Web: www.beliczaiweb.hu<\/span><br \/><span>Ad\u00f3sz\u00e1m:\u00a0<\/span><br \/><span>Kamara:\u00a0<\/span><br \/><span>Sz\u00e1mlavezet\u0151 bank:\u00a0<\/span><br \/><span>Banksz\u00e1mlasz\u00e1m:<\/span><br \/><span>________________________________________<\/span><br \/><span>T\u00e1rhelyszolg\u00e1ltat\u00f3:<\/span><br \/><span>Szolg\u00e1ltat\u00f3 neve: Sybell Informatika Kft.<\/span><br \/><span>Szolg\u00e1ltat\u00f3 c\u00edme: 1158 Budapest, K\u00e9sm\u00e1rk u. 7\/b.<\/span><br \/><span>Telefon: +36 1<\/span><br \/><span>E-mail:\u00a0<\/span><br \/><span>Web:<\/span><\/p>\n<p>[\/et_pb_text][\/et_pb_column][\/et_pb_row][\/et_pb_section]<\/p>","protected":false},"excerpt":{"rendered":"<p>Impresszum C\u00e9gn\u00e9v:\u00a0C\u00edm:\u00a0Telefon: +36 30 314-6636E-mail: beliczai.balazs@gmail.comWeb: www.beliczaiweb.huAd\u00f3sz\u00e1m:\u00a0Kamara:\u00a0Sz\u00e1mlavezet\u0151 bank:\u00a0Banksz\u00e1mlasz\u00e1m:________________________________________T\u00e1rhelyszolg\u00e1ltat\u00f3:Szolg\u00e1ltat\u00f3 neve: Sybell Informatika Kft.Szolg\u00e1ltat\u00f3 c\u00edme: 1158 Budapest, K\u00e9sm\u00e1rk u. 7\/b.Telefon: +36 1E-mail:\u00a0Web:<\/p>","protected":false},"author":1,"featured_media":0,"parent":0,"menu_order":0,"comment_status":"closed","ping_status":"closed","template":"","meta":{"_et_pb_use_builder":"on","_et_pb_old_content":"","_et_gb_content_width":"","footnotes":""},"class_list":["post-379","page","type-page","status-publish","hentry"],"_links":{"self":[{"href":"https:\/\/beliczaiweb.hu\/en\/wp-json\/wp\/v2\/pages\/379","targetHints":{"allow":["GET"]}}],"collection":[{"href":"https:\/\/beliczaiweb.hu\/en\/wp-json\/wp\/v2\/pages"}],"about":[{"href":"https:\/\/beliczaiweb.hu\/en\/wp-json\/wp\/v2\/types\/page"}],"author":[{"embeddable":true,"href":"https:\/\/beliczaiweb.hu\/en\/wp-json\/wp\/v2\/users\/1"}],"replies":[{"embeddable":true,"href":"https:\/\/beliczaiweb.hu\/en\/wp-json\/wp\/v2\/comments?post=379"}],"version-history":[{"count":5,"href":"https:\/\/beliczaiweb.hu\/en\/wp-json\/wp\/v2\/pages\/379\/revisions"}],"predecessor-version":[{"id":388,"href":"https:\/\/beliczaiweb.hu\/en\/wp-json\/wp\/v2\/pages\/379\/revisions\/388"}],"wp:attachment":[{"href":"https:\/\/beliczaiweb.hu\/en\/wp-json\/wp\/v2\/media?parent=379"}],"curies":[{"name":"wp","href":"https:\/\/api.w.org\/{rel}","templated":true}]}}